{"id":2471,"date":"2023-03-02T15:38:16","date_gmt":"2023-03-02T15:38:16","guid":{"rendered":"https:\/\/primo.minibarsystems.com\/telechargements-asie\/"},"modified":"2023-03-02T15:38:18","modified_gmt":"2023-03-02T15:38:18","slug":"telechargements-asie","status":"publish","type":"page","link":"https:\/\/primo.minibarsystems.com\/fr\/telechargements-asie\/","title":{"rendered":"T\u00e9l\u00e9chargements Asie"},"content":{"rendered":"<p>[et_pb_section fb_built=&#8221;1&#8243; _builder_version=&#8221;4.9.2&#8243; _module_preset=&#8221;783607ad-fbcf-41b6-925a-c7f30d417632&#8243; parallax=&#8221;on&#8221;][et_pb_row _builder_version=&#8221;4.4.7&#8243;][et_pb_column type=&#8221;4_4&#8243; _builder_version=&#8221;4.4.7&#8243;][et_pb_text _builder_version=&#8221;4.9.2&#8243; header_2_text_align=&#8221;center&#8221; header_2_text_color=&#8221;#ffffff&#8221; header_2_font_size=&#8221;36px&#8221; custom_margin=&#8221;||19px|||&#8221; header_2_font_size_tablet=&#8221;32px&#8221; header_2_font_size_phone=&#8221;30px&#8221; header_2_font_size_last_edited=&#8221;on|tablet&#8221;]<\/p>\n<h2>PRIMO &#8211; T\u00c9L\u00c9CHARGEMENTS ASIE<\/h2>\n<p>[\/et_pb_text][\/et_pb_column][\/et_pb_row][\/et_pb_section][et_pb_section fb_built=&#8221;1&#8243; _builder_version=&#8221;4.9.2&#8243; background_color=&#8221;#ffffff&#8221; use_background_color_gradient=&#8221;on&#8221; background_color_gradient_start=&#8221;rgba(255,255,255,0.8)&#8221; background_color_gradient_end=&#8221;rgba(255,255,255,0.8)&#8221; background_color_gradient_overlays_image=&#8221;on&#8221; background_image=&#8221;https:\/\/primo.minibarsystems.com\/wp-content\/uploads\/2021\/11\/primo-bgr-03.jpg&#8221; min_height=&#8221;691px&#8221; custom_padding=&#8221;73px||60px||false|false&#8221; custom_css_main_element=&#8221;background-repeat: no-repeat;||background-attachment: fixed;||background-position: center right;||background-size: initial;&#8221;][et_pb_row use_custom_gutter=&#8221;on&#8221; gutter_width=&#8221;2&#8243; make_equal=&#8221;on&#8221; _builder_version=&#8221;4.6.1&#8243; background_size=&#8221;contain&#8221; custom_margin=&#8221;2px|auto||auto||&#8221; custom_css_main_element=&#8221;background-repeat: no-repeat;||background-attachment: fixed;||background-position: center right;||background-size: initial;&#8221; border_radii=&#8221;off|12px|12px||&#8221;][et_pb_column type=&#8221;4_4&#8243; _builder_version=&#8221;4.6.1&#8243; background_color=&#8221;#ffffff&#8221; custom_padding=&#8221;25px|25px|25px|25px|false|false&#8221; border_radii=&#8221;on|12px|12px|12px|12px&#8221; box_shadow_style=&#8221;preset3&#8243; transform_styles__hover_enabled=&#8221;off|desktop&#8221; transform_scale__hover_enabled=&#8221;off|desktop&#8221; transform_translate__hover_enabled=&#8221;off|desktop&#8221; transform_rotate__hover_enabled=&#8221;off|desktop&#8221; transform_skew__hover_enabled=&#8221;off|desktop&#8221; transform_origin__hover_enabled=&#8221;off|desktop&#8221; transform_scale__hover=&#8221;98%|98%&#8221; box_shadow_blur__hover_enabled=&#8221;off|desktop&#8221; box_shadow_blur__hover=&#8221;10px&#8221; box_shadow_color__hover_enabled=&#8221;on|hover&#8221; box_shadow_color__hover=&#8221;rgba(0,0,0,0.5)&#8221; box_shadow_vertical__hover_enabled=&#8221;off|desktop&#8221; box_shadow_vertical__hover=&#8221;2px&#8221;][et_pb_text _builder_version=&#8221;4.9.2&#8243; header_3_font=&#8221;|600|||||||&#8221; header_3_text_align=&#8221;center&#8221; header_3_text_color=&#8221;#777777&#8243; header_3_line_height=&#8221;1.5em&#8221; custom_margin=&#8221;||0px||false|false&#8221; custom_padding=&#8221;||0px||false|false&#8221;]<\/p>\n<h3>Brochures PRIMO Asia<\/h3>\n<p>[\/et_pb_text][et_pb_button button_url=&#8221;https:\/\/primo.minibarsystems.com\/wp-content\/uploads\/2022\/09\/Primo-EMEA-ASIA-Brochures.pdf&#8221; url_new_window=&#8221;on&#8221; button_text=&#8221;Brochure PRIMO&#8221; _builder_version=&#8221;4.9.2&#8243; _module_preset=&#8221;b692572b-1326-4581-a2cc-a9053d46a012&#8243;][\/et_pb_button][\/et_pb_column][\/et_pb_row][et_pb_row column_structure=&#8221;1_2,1_2&#8243; use_custom_gutter=&#8221;on&#8221; gutter_width=&#8221;2&#8243; make_equal=&#8221;on&#8221; _builder_version=&#8221;4.6.1&#8243; background_size=&#8221;contain&#8221; custom_margin=&#8221;2px|auto||auto||&#8221; custom_css_main_element=&#8221;background-repeat: no-repeat;||background-attachment: fixed;||background-position: center right;||background-size: initial;&#8221; border_radii=&#8221;off|12px|12px||&#8221;][et_pb_column type=&#8221;1_2&#8243; _builder_version=&#8221;4.6.1&#8243; background_color=&#8221;#ffffff&#8221; custom_padding=&#8221;25px|25px|25px|25px|false|false&#8221; border_radii=&#8221;on|12px|12px|12px|12px&#8221; box_shadow_style=&#8221;preset3&#8243; transform_styles__hover_enabled=&#8221;off|desktop&#8221; transform_scale__hover_enabled=&#8221;off|desktop&#8221; transform_translate__hover_enabled=&#8221;off|desktop&#8221; transform_rotate__hover_enabled=&#8221;off|desktop&#8221; transform_skew__hover_enabled=&#8221;off|desktop&#8221; transform_origin__hover_enabled=&#8221;off|desktop&#8221; transform_scale__hover=&#8221;98%|98%&#8221; box_shadow_blur__hover_enabled=&#8221;off|desktop&#8221; box_shadow_blur__hover=&#8221;10px&#8221; box_shadow_color__hover_enabled=&#8221;on|hover&#8221; box_shadow_color__hover=&#8221;rgba(0,0,0,0.5)&#8221; box_shadow_vertical__hover_enabled=&#8221;off|desktop&#8221; box_shadow_vertical__hover=&#8221;2px&#8221;][et_pb_text _builder_version=&#8221;4.9.2&#8243; header_3_font=&#8221;|600|||||||&#8221; header_3_text_align=&#8221;center&#8221; header_3_text_color=&#8221;#777777&#8243; header_3_line_height=&#8221;1.5em&#8221; custom_margin=&#8221;||0px||false|false&#8221; custom_padding=&#8221;||0px||false|false&#8221;]<\/p>\n<h3>Feuilles de coupe PRIMO 30<\/h3>\n<p>[\/et_pb_text][et_pb_button button_url=&#8221;https:\/\/primo.minibarsystems.com\/wp-content\/uploads\/2021\/05\/DOC0300_Primo_30_Solid_Black_Door.pdf&#8221; url_new_window=&#8221;on&#8221; button_text=&#8221;Feuille de coupe pour les portes pleines&#8221; _builder_version=&#8221;4.9.2&#8243; _module_preset=&#8221;default&#8221; button_bg_color__hover_enabled=&#8221;on|hover&#8221; button_bg_color__hover=&#8221;#005489&#8243; button_text_color__hover=&#8221;#ffffff&#8221; button_text_color__hover_enabled=&#8221;on|hover&#8221; button_bg_enable_color__hover=&#8221;on&#8221;][\/et_pb_button][et_pb_button button_url=&#8221;https:\/\/primo.minibarsystems.com\/wp-content\/uploads\/2021\/05\/DOC0301_Primo_30_Black_Frame_Glass_Door.pdf&#8221; url_new_window=&#8221;on&#8221; button_text=&#8221;Feuille de coupe de porte en verre \u00e0 cadre noir&#8221; _builder_version=&#8221;4.9.2&#8243; _module_preset=&#8221;default&#8221; button_bg_color__hover_enabled=&#8221;on|hover&#8221; button_bg_color__hover=&#8221;#005489&#8243; button_text_color__hover=&#8221;#ffffff&#8221; button_text_color__hover_enabled=&#8221;on|hover&#8221; button_bg_enable_color__hover=&#8221;on&#8221;][\/et_pb_button][et_pb_button button_url=&#8221;https:\/\/primo.minibarsystems.com\/wp-content\/uploads\/2021\/05\/DOC0302_Primo_30_Aluminium_Frame_Glass_Door.pdf&#8221; url_new_window=&#8221;on&#8221; button_text=&#8221;Coupe de la porte vitr\u00e9e \u00e0 cadre en aluminium&#8221; _builder_version=&#8221;4.9.2&#8243; _module_preset=&#8221;default&#8221; button_bg_color__hover_enabled=&#8221;on|hover&#8221; button_bg_color__hover=&#8221;#005489&#8243; button_text_color__hover=&#8221;#ffffff&#8221; button_text_color__hover_enabled=&#8221;on|hover&#8221; button_bg_enable_color__hover=&#8221;on&#8221;][\/et_pb_button][et_pb_text _builder_version=&#8221;4.9.2&#8243; header_3_font=&#8221;|600|||||||&#8221; header_3_text_align=&#8221;center&#8221; header_3_text_color=&#8221;#777777&#8243; header_3_line_height=&#8221;1.5em&#8221; custom_margin=&#8221;||0px||false|false&#8221; custom_padding=&#8221;||0px||false|false&#8221; button_bg_color__hover=&#8221;#1072b9&#8243; button_bg_color__hover_enabled=&#8221;on|desktop&#8221;]<\/p>\n<h3>Feuilles coup\u00e9es PRIMO 40<\/h3>\n<p>[\/et_pb_text][et_pb_button button_url=&#8221;https:\/\/primo.minibarsystems.com\/wp-content\/uploads\/2021\/05\/DOC0304_Primo_40_Solid_Black_Door.pdf&#8221; url_new_window=&#8221;on&#8221; button_text=&#8221;Feuille de coupe pour les portes pleines&#8221; _builder_version=&#8221;4.9.2&#8243; button_bg_color__hover_enabled=&#8221;on|hover&#8221; button_bg_color__hover=&#8221;#005489&#8243; button_text_color__hover=&#8221;#ffffff&#8221; button_text_color__hover_enabled=&#8221;on|hover&#8221; button_bg_enable_color__hover=&#8221;on&#8221;][\/et_pb_button][et_pb_button button_url=&#8221;https:\/\/primo.minibarsystems.com\/wp-content\/uploads\/2021\/05\/DOC0305_Primo_40_Black_Frame_Glass_Door.pdf&#8221; url_new_window=&#8221;on&#8221; button_text=&#8221;Feuille de coupe de porte en verre \u00e0 cadre noir&#8221; _builder_version=&#8221;4.9.2&#8243; button_bg_color__hover_enabled=&#8221;on|hover&#8221; button_bg_color__hover=&#8221;#005489&#8243; button_text_color__hover=&#8221;#ffffff&#8221; button_text_color__hover_enabled=&#8221;on|hover&#8221; button_bg_enable_color__hover=&#8221;on&#8221;][\/et_pb_button][et_pb_button button_url=&#8221;https:\/\/primo.minibarsystems.com\/wp-content\/uploads\/2021\/05\/DOC0306_Primo_40_Aluminium_Frame_Glass_Door.pdf&#8221; url_new_window=&#8221;on&#8221; button_text=&#8221;Coupe de la porte vitr\u00e9e \u00e0 cadre en aluminium&#8221; _builder_version=&#8221;4.9.2&#8243; button_bg_color__hover_enabled=&#8221;on|hover&#8221; button_bg_color__hover=&#8221;#005489&#8243; button_text_color__hover=&#8221;#ffffff&#8221; button_text_color__hover_enabled=&#8221;on|hover&#8221; button_bg_enable_color__hover=&#8221;on&#8221;][\/et_pb_button][\/et_pb_column][et_pb_column type=&#8221;1_2&#8243; module_class=&#8221;fade-out-siblings&#8221; _builder_version=&#8221;4.6.1&#8243; background_color=&#8221;#ffffff&#8221; custom_padding=&#8221;25px|25px|25px|25px|false|false&#8221; border_radii=&#8221;on|12px|12px|12px|12px&#8221; box_shadow_style=&#8221;preset3&#8243; transform_styles__hover_enabled=&#8221;off|desktop&#8221; box_shadow_blur__hover=&#8221;10px&#8221; box_shadow_blur__hover_enabled=&#8221;off|desktop&#8221; box_shadow_color__hover=&#8221;rgba(0,0,0,0.5)&#8221; box_shadow_color__hover_enabled=&#8221;on|hover&#8221; box_shadow_vertical__hover=&#8221;2px&#8221; box_shadow_vertical__hover_enabled=&#8221;off|desktop&#8221; transform_scale__hover=&#8221;98%|98%&#8221; transform_scale__hover_enabled=&#8221;off|desktop&#8221; transform_translate__hover_enabled=&#8221;off|desktop&#8221; transform_rotate__hover_enabled=&#8221;off|desktop&#8221; transform_skew__hover_enabled=&#8221;off|desktop&#8221; transform_origin__hover_enabled=&#8221;off|desktop&#8221;][et_pb_text _builder_version=&#8221;4.9.2&#8243; header_3_font=&#8221;|600|||||||&#8221; header_3_text_align=&#8221;center&#8221; header_3_text_color=&#8221;#777777&#8243; header_3_line_height=&#8221;1.5em&#8221; custom_margin=&#8221;||0px||false|false&#8221; custom_padding=&#8221;||0px||false|false&#8221; button_bg_color__hover=&#8221;#1072b9&#8243; button_bg_color__hover_enabled=&#8221;on|desktop&#8221;]<\/p>\n<h3>Feuilles de coupe PRIMO 60<\/h3>\n<p>[\/et_pb_text][et_pb_button button_url=&#8221;https:\/\/primo.minibarsystems.com\/wp-content\/uploads\/2021\/05\/DOC0308_Primo_60_Solid_Black_Door.pdf&#8221; url_new_window=&#8221;on&#8221; button_text=&#8221;Feuille de d\u00e9coupe de porte noire solide&#8221; _builder_version=&#8221;4.9.2&#8243; button_bg_color__hover_enabled=&#8221;on|hover&#8221; button_bg_color__hover=&#8221;#005489&#8243; button_text_color__hover=&#8221;#ffffff&#8221; button_text_color__hover_enabled=&#8221;on|hover&#8221; button_bg_enable_color__hover=&#8221;on&#8221;][\/et_pb_button][et_pb_button button_url=&#8221;https:\/\/primo.minibarsystems.com\/wp-content\/uploads\/2021\/05\/DOC0309_Primo_60_Aluminium_Frame_Glass_Door.pdf&#8221; url_new_window=&#8221;on&#8221; button_text=&#8221;Coupe de la porte vitr\u00e9e \u00e0 cadre en aluminium&#8221; _builder_version=&#8221;4.9.2&#8243; button_bg_color__hover_enabled=&#8221;on|hover&#8221; button_bg_color__hover=&#8221;#005489&#8243; button_text_color__hover=&#8221;#ffffff&#8221; button_text_color__hover_enabled=&#8221;on|hover&#8221; button_bg_enable_color__hover=&#8221;on&#8221;][\/et_pb_button][et_pb_text _builder_version=&#8221;4.9.2&#8243; header_3_font=&#8221;|600|||||||&#8221; header_3_text_align=&#8221;center&#8221; header_3_text_color=&#8221;#777777&#8243; header_3_line_height=&#8221;1.5em&#8221; custom_margin=&#8221;||0px||false|false&#8221; custom_padding=&#8221;||0px||false|false&#8221; button_bg_color__hover=&#8221;#1072b9&#8243; button_bg_color__hover_enabled=&#8221;on|desktop&#8221;]<\/p>\n<h3>Feuilles coup\u00e9es PRIMO 42d<\/h3>\n<p>[\/et_pb_text][et_pb_button button_url=&#8221;https:\/\/primo.minibarsystems.com\/wp-content\/uploads\/2021\/05\/DOC0310_Primo_42d_Drawer.pdf&#8221; url_new_window=&#8221;on&#8221; button_text=&#8221;Feuille de coupe de tiroir 42d&#8221; _builder_version=&#8221;4.9.2&#8243; button_bg_color__hover_enabled=&#8221;on|hover&#8221; button_bg_color__hover=&#8221;#005489&#8243; button_text_color__hover=&#8221;#ffffff&#8221; button_text_color__hover_enabled=&#8221;on|hover&#8221; button_bg_enable_color__hover=&#8221;on&#8221;][\/et_pb_button][\/et_pb_column][\/et_pb_row][et_pb_row use_custom_gutter=&#8221;on&#8221; gutter_width=&#8221;2&#8243; make_equal=&#8221;on&#8221; _builder_version=&#8221;4.6.1&#8243; background_size=&#8221;contain&#8221; custom_margin=&#8221;2px|auto||auto||&#8221; custom_css_main_element=&#8221;background-repeat: no-repeat;||background-attachment: fixed;||background-position: center right;||background-size: initial;&#8221; border_radii=&#8221;off|12px|12px||&#8221; locked=&#8221;off&#8221;][et_pb_column type=&#8221;4_4&#8243; _builder_version=&#8221;4.6.1&#8243; background_color=&#8221;#ffffff&#8221; custom_padding=&#8221;25px|25px|25px|25px|false|false&#8221; border_radii=&#8221;on|12px|12px|12px|12px&#8221; box_shadow_style=&#8221;preset3&#8243; transform_styles__hover_enabled=&#8221;off|desktop&#8221; transform_scale__hover_enabled=&#8221;off|desktop&#8221; transform_translate__hover_enabled=&#8221;off|desktop&#8221; transform_rotate__hover_enabled=&#8221;off|desktop&#8221; transform_skew__hover_enabled=&#8221;off|desktop&#8221; transform_origin__hover_enabled=&#8221;off|desktop&#8221; transform_scale__hover=&#8221;98%|98%&#8221; box_shadow_blur__hover_enabled=&#8221;off|desktop&#8221; box_shadow_blur__hover=&#8221;10px&#8221; box_shadow_color__hover_enabled=&#8221;on|hover&#8221; box_shadow_color__hover=&#8221;rgba(0,0,0,0.5)&#8221; box_shadow_vertical__hover_enabled=&#8221;off|desktop&#8221; box_shadow_vertical__hover=&#8221;2px&#8221;][et_pb_text _builder_version=&#8221;4.9.2&#8243; header_3_font=&#8221;|600|||||||&#8221; header_3_text_align=&#8221;center&#8221; header_3_text_color=&#8221;#777777&#8243; header_3_line_height=&#8221;1.5em&#8221; custom_margin=&#8221;||0px||false|false&#8221; custom_padding=&#8221;||0px||false|false&#8221;]<\/p>\n<h3>Manuel de Primo Thermoelectric<\/h3>\n<p>[\/et_pb_text][et_pb_button button_url=&#8221;https:\/\/primo.minibarsystems.com\/wp-content\/uploads\/2022\/09\/Primo-EMEA-ASIA-Thermoelectric-CutSheet.pdf&#8221; url_new_window=&#8221;on&#8221; button_text=&#8221;PT-30&#8243; _builder_version=&#8221;4.9.2&#8243; _module_preset=&#8221;b692572b-1326-4581-a2cc-a9053d46a012&#8243;][\/et_pb_button][et_pb_button button_url=&#8221;https:\/\/primo.minibarsystems.com\/wp-content\/uploads\/2022\/09\/Primo-EMEA-ASIA-Thermoelectric-CutSheet.pdf&#8221; url_new_window=&#8221;on&#8221; button_text=&#8221;PT-40&#8243; _builder_version=&#8221;4.9.2&#8243; _module_preset=&#8221;b692572b-1326-4581-a2cc-a9053d46a012&#8243;][\/et_pb_button][\/et_pb_column][\/et_pb_row][\/et_pb_section]<\/p>\n","protected":false},"excerpt":{"rendered":"<p>PRIMO &#8211; T\u00c9L\u00c9CHARGEMENTS ASIEBrochures PRIMO AsiaFeuilles de coupe PRIMO 30Feuilles coup\u00e9es PRIMO 40Feuilles de coupe PRIMO 60Feuilles coup\u00e9es PRIMO 42dManuel de Primo Thermoelectric<\/p>\n","protected":false},"author":5,"featured_media":0,"parent":0,"menu_order":0,"comment_status":"closed","ping_status":"closed","template":"","meta":{"_et_pb_use_builder":"on","_et_pb_old_content":"","_et_gb_content_width":"","footnotes":""},"class_list":["post-2471","page","type-page","status-publish","hentry"],"_links":{"self":[{"href":"https:\/\/primo.minibarsystems.com\/fr\/wp-json\/wp\/v2\/pages\/2471","targetHints":{"allow":["GET"]}}],"collection":[{"href":"https:\/\/primo.minibarsystems.com\/fr\/wp-json\/wp\/v2\/pages"}],"about":[{"href":"https:\/\/primo.minibarsystems.com\/fr\/wp-json\/wp\/v2\/types\/page"}],"author":[{"embeddable":true,"href":"https:\/\/primo.minibarsystems.com\/fr\/wp-json\/wp\/v2\/users\/5"}],"replies":[{"embeddable":true,"href":"https:\/\/primo.minibarsystems.com\/fr\/wp-json\/wp\/v2\/comments?post=2471"}],"version-history":[{"count":2,"href":"https:\/\/primo.minibarsystems.com\/fr\/wp-json\/wp\/v2\/pages\/2471\/revisions"}],"predecessor-version":[{"id":2473,"href":"https:\/\/primo.minibarsystems.com\/fr\/wp-json\/wp\/v2\/pages\/2471\/revisions\/2473"}],"wp:attachment":[{"href":"https:\/\/primo.minibarsystems.com\/fr\/wp-json\/wp\/v2\/media?parent=2471"}],"curies":[{"name":"wp","href":"https:\/\/api.w.org\/{rel}","templated":true}]}}