{"id":2447,"date":"2023-03-02T15:36:54","date_gmt":"2023-03-02T15:36:54","guid":{"rendered":"https:\/\/primo.minibarsystems.com\/mcs\/"},"modified":"2023-03-02T15:36:55","modified_gmt":"2023-03-02T15:36:55","slug":"mcs","status":"publish","type":"page","link":"https:\/\/primo.minibarsystems.com\/fr\/mcs\/","title":{"rendered":"MCS"},"content":{"rendered":"<p>[et_pb_section fb_built=&#8221;1&#8243; _builder_version=&#8221;4.9.2&#8243; _module_preset=&#8221;783607ad-fbcf-41b6-925a-c7f30d417632&#8243; parallax=&#8221;on&#8221;][et_pb_row _builder_version=&#8221;4.4.7&#8243;][et_pb_column type=&#8221;4_4&#8243; _builder_version=&#8221;4.4.7&#8243;][et_pb_text _builder_version=&#8221;4.9.2&#8243; header_2_text_align=&#8221;center&#8221; header_2_text_color=&#8221;#ffffff&#8221; header_2_font_size=&#8221;36px&#8221; custom_margin=&#8221;||19px|||&#8221; header_2_font_size_tablet=&#8221;32px&#8221; header_2_font_size_phone=&#8221;30px&#8221; header_2_font_size_last_edited=&#8221;on|tablet&#8221;]<\/p>\n<h2>PRIMO &#8211; MCS<\/h2>\n<p>[\/et_pb_text][\/et_pb_column][\/et_pb_row][\/et_pb_section][et_pb_section fb_built=&#8221;1&#8243; _builder_version=&#8221;4.9.2&#8243; background_color=&#8221;#ffffff&#8221; use_background_color_gradient=&#8221;on&#8221; background_color_gradient_start=&#8221;rgba(255,255,255,0.8)&#8221; background_color_gradient_end=&#8221;rgba(255,255,255,0.8)&#8221; background_color_gradient_overlays_image=&#8221;on&#8221; background_image=&#8221;https:\/\/primo.minibarsystems.com\/wp-content\/uploads\/2021\/11\/primo-bgr-03.jpg&#8221; min_height=&#8221;691px&#8221; custom_padding=&#8221;75px||60px||false|false&#8221; custom_css_main_element=&#8221;background-repeat: no-repeat;||background-attachment: fixed;||background-position: center right;||background-size: initial;&#8221;][et_pb_row use_custom_gutter=&#8221;on&#8221; gutter_width=&#8221;2&#8243; make_equal=&#8221;on&#8221; _builder_version=&#8221;4.9.2&#8243; use_background_color_gradient=&#8221;on&#8221; background_color_gradient_start=&#8221;rgba(255,255,255,0.85)&#8221; background_color_gradient_end=&#8221;rgba(255,255,255,0.85)&#8221; background_color_gradient_overlays_image=&#8221;on&#8221; background_image=&#8221;http:\/\/www.minibarsystems.com\/primo.minibarsystems.com\/wp-content\/uploads\/2021\/04\/primo-bgr-03.jpg&#8221; background_position=&#8221;top_center&#8221; custom_margin=&#8221;0px||||false|false&#8221; custom_padding=&#8221;50px|25px|50px|25px|false|false&#8221; border_width_all=&#8221;2px&#8221; border_color_all=&#8221;#FFFFFF&#8221; box_shadow_style=&#8221;preset3&#8243;][et_pb_column type=&#8221;4_4&#8243; _builder_version=&#8221;4.9.2&#8243; transform_styles__hover_enabled=&#8221;on|hover&#8221; transform_scale__hover_enabled=&#8221;on|hover&#8221; transform_translate__hover_enabled=&#8221;on|desktop&#8221; transform_rotate__hover_enabled=&#8221;on|desktop&#8221; transform_skew__hover_enabled=&#8221;on|desktop&#8221; transform_origin__hover_enabled=&#8221;on|desktop&#8221; transform_scale__hover=&#8221;98%|98%&#8221; box_shadow_blur__hover_enabled=&#8221;on|hover&#8221; box_shadow_blur__hover=&#8221;10px&#8221; box_shadow_color__hover_enabled=&#8221;on|hover&#8221; box_shadow_color__hover=&#8221;rgba(0,0,0,0.5)&#8221; box_shadow_vertical__hover_enabled=&#8221;on|desktop&#8221; box_shadow_vertical__hover=&#8221;2px&#8221;][et_pb_text _builder_version=&#8221;4.9.2&#8243; header_3_font=&#8221;|600|||||||&#8221; header_3_text_align=&#8221;center&#8221; header_3_font_size=&#8221;28px&#8221; custom_padding=&#8221;|20px|20px|20px|false|false&#8221;]<\/p>\n<h3>Minibar Control System\u2122 (MCS)<\/h3>\n<p>Minibar Control System\u2122 (MCS) r\u00e9volutionne la comptabilit\u00e9 et la gestion des minibars en augmentant l&#8217;efficacit\u00e9 du processus de r\u00e9approvisionnement. Les pr\u00e9pos\u00e9s \u00e0 la recharge utilisent des tablettes pour enregistrer les ventes, qui sont ensuite achemin\u00e9es vers le syst\u00e8me de gestion des biens de l&#8217;h\u00f4tel pour \u00eatre directement affich\u00e9es sur les folios des clients.<\/p>\n<p>[\/et_pb_text][et_pb_image src=&#8221;https:\/\/primo.minibarsystems.com\/wp-content\/uploads\/2022\/02\/MCS-2.png&#8221; title_text=&#8221;MCS-2&#8243; align=&#8221;center&#8221; _builder_version=&#8221;4.9.2&#8243; _module_preset=&#8221;default&#8221;][\/et_pb_image][et_pb_text _builder_version=&#8221;4.9.2&#8243; header_3_font=&#8221;|600|||||||&#8221; header_3_text_align=&#8221;center&#8221; header_3_font_size=&#8221;28px&#8221; custom_padding=&#8221;|20px|20px|20px|false|false&#8221;]<\/p>\n<p>Le logiciel avanc\u00e9 de mise en r\u00e9seau sous Windows\u00ae am\u00e9liore non seulement les performances et l&#8217;efficacit\u00e9 globales, mais simplifie \u00e9galement la cr\u00e9ation de rapports. Des rapports d\u00e9taill\u00e9s donnent \u00e0 la direction le contr\u00f4le ultime des op\u00e9rations avec des informations quotidiennes et historiques, le contr\u00f4le des stocks et le suivi de l&#8217;efficacit\u00e9 de la main-d&#8217;\u0153uvre.<\/p>\n<p style=\"text-align: center;\"><strong>**Les h\u00f4tels MCS existants peuvent facilement passer \u00e0 la nouvelle version de la tablette.**<\/strong><\/p>\n<p>[\/et_pb_text][\/et_pb_column][\/et_pb_row][et_pb_row _builder_version=&#8221;4.9.2&#8243; _module_preset=&#8221;default&#8221;][et_pb_column type=&#8221;4_4&#8243; _builder_version=&#8221;4.9.2&#8243; _module_preset=&#8221;default&#8221;][\/et_pb_column][\/et_pb_row][\/et_pb_section][et_pb_section fb_built=&#8221;1&#8243; _builder_version=&#8221;4.9.2&#8243; _module_preset=&#8221;783607ad-fbcf-41b6-925a-c7f30d417632&#8243; parallax=&#8221;on&#8221;][et_pb_row _builder_version=&#8221;4.4.7&#8243;][et_pb_column type=&#8221;4_4&#8243; _builder_version=&#8221;4.4.7&#8243;][et_pb_text _builder_version=&#8221;4.9.2&#8243; header_2_text_align=&#8221;center&#8221; header_2_text_color=&#8221;#ffffff&#8221; header_2_font_size=&#8221;36px&#8221; custom_margin=&#8221;||19px|||&#8221; header_2_font_size_tablet=&#8221;32px&#8221; header_2_font_size_phone=&#8221;30px&#8221; header_2_font_size_last_edited=&#8221;on|tablet&#8221;]<\/p>\n<h2>PRIMO &#8211; CARACT\u00c9RISTIQUES<\/h2>\n<p>[\/et_pb_text][\/et_pb_column][\/et_pb_row][\/et_pb_section][et_pb_section fb_built=&#8221;1&#8243; _builder_version=&#8221;4.9.2&#8243; background_color=&#8221;#ffffff&#8221; use_background_color_gradient=&#8221;on&#8221; background_color_gradient_start=&#8221;rgba(255,255,255,0.8)&#8221; background_color_gradient_end=&#8221;rgba(255,255,255,0.8)&#8221; background_color_gradient_overlays_image=&#8221;on&#8221; background_image=&#8221;https:\/\/primo.minibarsystems.com\/wp-content\/uploads\/2021\/11\/primo-bgr-03.jpg&#8221; min_height=&#8221;691px&#8221; custom_padding=&#8221;75px||60px||false|false&#8221; custom_css_main_element=&#8221;background-repeat: no-repeat;||background-attachment: fixed;||background-position: center right;||background-size: initial;&#8221;][et_pb_row column_structure=&#8221;1_2,1_2&#8243; use_custom_gutter=&#8221;on&#8221; gutter_width=&#8221;2&#8243; make_equal=&#8221;on&#8221; _builder_version=&#8221;4.9.2&#8243; custom_margin=&#8221;0px||||false|false&#8221; custom_padding=&#8221;|25px||25px|false|false&#8221; border_radii=&#8221;off|||12px|12px&#8221;][et_pb_column type=&#8221;1_2&#8243; _builder_version=&#8221;4.9.2&#8243; background_enable_color=&#8221;off&#8221; use_background_color_gradient=&#8221;on&#8221; background_color_gradient_start=&#8221;rgba(255,255,255,0.85)&#8221; background_color_gradient_end=&#8221;rgba(255,255,255,0.85)&#8221; background_color_gradient_overlays_image=&#8221;on&#8221; background_image=&#8221;http:\/\/www.minibarsystems.com\/primo.minibarsystems.com\/wp-content\/uploads\/2021\/04\/primo-bgr-03.jpg&#8221; background_position=&#8221;center_left&#8221; custom_padding=&#8221;25px|25px|25px|25px|false|false&#8221; border_width_all=&#8221;1px&#8221; border_color_all=&#8221;#FFFFFF&#8221; box_shadow_style=&#8221;preset3&#8243; box_shadow_spread_last_edited=&#8221;off|desktop&#8221; transform_styles__hover_enabled=&#8221;on|hover&#8221; transform_scale__hover_enabled=&#8221;on|hover&#8221; transform_translate__hover_enabled=&#8221;on|desktop&#8221; transform_rotate__hover_enabled=&#8221;on|desktop&#8221; transform_skew__hover_enabled=&#8221;on|desktop&#8221; transform_origin__hover_enabled=&#8221;on|desktop&#8221; transform_scale__hover=&#8221;98%|98%&#8221; box_shadow_blur__hover_enabled=&#8221;off|desktop&#8221; box_shadow_blur__hover=&#8221;10px&#8221; box_shadow_color__hover_enabled=&#8221;on|hover&#8221; box_shadow_color__hover=&#8221;rgba(0,0,0,0.5)&#8221; box_shadow_vertical__hover_enabled=&#8221;off|desktop&#8221; box_shadow_vertical__hover=&#8221;2px&#8221; box_shadow_spread__hover_enabled=&#8221;off|desktop&#8221;][et_pb_text _builder_version=&#8221;4.9.2&#8243; header_3_font=&#8221;|600|||||||&#8221; header_3_text_align=&#8221;center&#8221; header_3_font_size=&#8221;28px&#8221; custom_padding=&#8221;|20px|20px|20px|false|false&#8221;]<\/p>\n<h3>Caract\u00e9ristiques standards<\/h3>\n<ul>\n<li><span style=\"font-size: 17px;\">Les rapports automatis\u00e9s \u00e9liminent les proc\u00e9dures de fin de journ\u00e9e, de mois ou d&#8217;ann\u00e9e.<\/span><\/li>\n<li><span style=\"font-size: 17px;\">L&#8217;interface sur tablette permet au personnel d&#8217;apprendre rapidement<\/span><\/li>\n<li><span style=\"font-size: 17px;\">Synchronisation sans fil sans besoin de c\u00e2bles<\/span><\/li>\n<li><span style=\"font-size: 17px;\">S&#8217;int\u00e8gre \u00e0 la plupart des syst\u00e8mes PMS<\/span><\/li>\n<li><span style=\"font-size: 17px;\">L&#8217;interface PMS bidirectionnelle am\u00e9liore consid\u00e9rablement l&#8217;efficacit\u00e9 du syst\u00e8me.<\/span><\/li>\n<li><span style=\"font-size: 17px;\">Connexion IP ou s\u00e9rie avec PMS<\/span><\/li>\n<li><span style=\"font-size: 17px;\">Des options de menu flexibles permettent de cr\u00e9er plusieurs menus<\/span><\/li>\n<li><span style=\"font-size: 17px;\">Options de rapport \u00e9tendues<\/span><\/li>\n<li><span style=\"font-size: 17px;\">Tous les rapports peuvent \u00eatre export\u00e9s<\/span><\/li>\n<li><span style=\"font-size: 17px;\">Sauvegarde des donn\u00e9es enti\u00e8rement automatis\u00e9e<\/span><\/li>\n<li><span style=\"font-size: 17px;\">Mise \u00e0 niveau facile \u00e0 partir des versions pr\u00e9c\u00e9dentes de MCS<\/span><\/li>\n<li><span style=\"font-size: 17px;\">Le mat\u00e9riel et le logiciel peuvent \u00eatre fournis ou le logiciel seulement (en utilisant le mat\u00e9riel de l&#8217;h\u00f4tel).<\/span><\/li>\n<\/ul>\n<p>[\/et_pb_text][\/et_pb_column][et_pb_column type=&#8221;1_2&#8243; module_class=&#8221;fade-out-siblings&#8221; _builder_version=&#8221;4.9.2&#8243; background_enable_color=&#8221;off&#8221; use_background_color_gradient=&#8221;on&#8221; background_color_gradient_start=&#8221;rgba(255,255,255,0.85)&#8221; background_color_gradient_end=&#8221;rgba(255,255,255,0.85)&#8221; background_color_gradient_overlays_image=&#8221;on&#8221; background_image=&#8221;http:\/\/www.minibarsystems.com\/primo.minibarsystems.com\/wp-content\/uploads\/2021\/04\/primo-bgr-03.jpg&#8221; background_position=&#8221;center_right&#8221; custom_padding=&#8221;25px|25px|25px|25px|false|false&#8221; border_width_all=&#8221;1px&#8221; border_color_all=&#8221;#FFFFFF&#8221; box_shadow_style=&#8221;preset3&#8243; transform_styles__hover_enabled=&#8221;on|hover&#8221; box_shadow_blur__hover=&#8221;10px&#8221; box_shadow_blur__hover_enabled=&#8221;on|hover&#8221; box_shadow_color__hover=&#8221;rgba(0,0,0,0.5)&#8221; box_shadow_color__hover_enabled=&#8221;on|hover&#8221; box_shadow_vertical__hover=&#8221;2px&#8221; box_shadow_vertical__hover_enabled=&#8221;on|desktop&#8221; transform_scale__hover=&#8221;98%|98%&#8221; transform_scale__hover_enabled=&#8221;on|hover&#8221; transform_translate__hover_enabled=&#8221;on|desktop&#8221; transform_rotate__hover_enabled=&#8221;on|desktop&#8221; transform_skew__hover_enabled=&#8221;on|desktop&#8221; transform_origin__hover_enabled=&#8221;on|desktop&#8221;][et_pb_text _builder_version=&#8221;4.9.2&#8243; header_3_font=&#8221;|600|||||||&#8221; header_3_text_align=&#8221;center&#8221; header_3_font_size=&#8221;28px&#8221; header_4_font=&#8221;|600|||||||&#8221; header_4_text_align=&#8221;center&#8221; header_4_font_size=&#8221;20px&#8221; custom_padding=&#8221;|20px|20px|20px|false|false&#8221;]<\/p>\n<h3>Fonctionne de mani\u00e8re transparente  <br \/>  avec tout minibar<\/h3>\n<p>[\/et_pb_text][et_pb_image src=&#8221;https:\/\/primo.minibarsystems.com\/wp-content\/uploads\/2022\/02\/MCS-s.png&#8221; title_text=&#8221;MCS-s&#8221; _builder_version=&#8221;4.9.2&#8243; _module_preset=&#8221;default&#8221;][\/et_pb_image][\/et_pb_column][\/et_pb_row][\/et_pb_section][et_pb_section fb_built=&#8221;1&#8243; _builder_version=&#8221;4.9.2&#8243; background_color=&#8221;#00396E&#8221; min_height=&#8221;11px&#8221; custom_padding=&#8221;50px||50px||false|false&#8221; box_shadow_style=&#8221;preset6&#8243;][et_pb_row column_structure=&#8221;1_2,1_2&#8243; use_custom_gutter=&#8221;on&#8221; gutter_width=&#8221;2&#8243; make_equal=&#8221;on&#8221; _builder_version=&#8221;4.4.7&#8243; min_height=&#8221;60px&#8221; custom_padding=&#8221;3px||14px|||&#8221; scroll_scaling_enable=&#8221;on&#8221; scroll_scaling=&#8221;0|25|25|50|70|80%|100&#8243;][et_pb_column type=&#8221;1_2&#8243; module_class=&#8221;ds-vertical-align&#8221; _builder_version=&#8221;4.4.7&#8243;][\/et_pb_column][et_pb_column type=&#8221;1_2&#8243; module_class=&#8221;ds-vertical-align&#8221; _builder_version=&#8221;4.4.7&#8243;][\/et_pb_column][\/et_pb_row][\/et_pb_section]<\/p>\n","protected":false},"excerpt":{"rendered":"<p>PRIMO &#8211; MCSMinibar Control System\u2122 (MCS) Minibar Control System\u2122 (MCS) r\u00e9volutionne la comptabilit\u00e9 et la gestion des minibars en augmentant l&#8217;efficacit\u00e9 du processus de r\u00e9approvisionnement. Les pr\u00e9pos\u00e9s \u00e0 la recharge utilisent des tablettes pour enregistrer les ventes, qui sont ensuite achemin\u00e9es vers le syst\u00e8me de gestion des biens de l&#8217;h\u00f4tel pour \u00eatre directement affich\u00e9es sur [&hellip;]<\/p>\n","protected":false},"author":5,"featured_media":0,"parent":0,"menu_order":0,"comment_status":"closed","ping_status":"closed","template":"","meta":{"_et_pb_use_builder":"on","_et_pb_old_content":"","_et_gb_content_width":"","footnotes":""},"class_list":["post-2447","page","type-page","status-publish","hentry"],"_links":{"self":[{"href":"https:\/\/primo.minibarsystems.com\/fr\/wp-json\/wp\/v2\/pages\/2447","targetHints":{"allow":["GET"]}}],"collection":[{"href":"https:\/\/primo.minibarsystems.com\/fr\/wp-json\/wp\/v2\/pages"}],"about":[{"href":"https:\/\/primo.minibarsystems.com\/fr\/wp-json\/wp\/v2\/types\/page"}],"author":[{"embeddable":true,"href":"https:\/\/primo.minibarsystems.com\/fr\/wp-json\/wp\/v2\/users\/5"}],"replies":[{"embeddable":true,"href":"https:\/\/primo.minibarsystems.com\/fr\/wp-json\/wp\/v2\/comments?post=2447"}],"version-history":[{"count":2,"href":"https:\/\/primo.minibarsystems.com\/fr\/wp-json\/wp\/v2\/pages\/2447\/revisions"}],"predecessor-version":[{"id":2449,"href":"https:\/\/primo.minibarsystems.com\/fr\/wp-json\/wp\/v2\/pages\/2447\/revisions\/2449"}],"wp:attachment":[{"href":"https:\/\/primo.minibarsystems.com\/fr\/wp-json\/wp\/v2\/media?parent=2447"}],"curies":[{"name":"wp","href":"https:\/\/api.w.org\/{rel}","templated":true}]}}