{"id":2403,"date":"2023-03-02T15:34:34","date_gmt":"2023-03-02T15:34:34","guid":{"rendered":"https:\/\/primo.minibarsystems.com\/region-primo\/"},"modified":"2023-03-02T15:34:35","modified_gmt":"2023-03-02T15:34:35","slug":"region-primo","status":"publish","type":"page","link":"https:\/\/primo.minibarsystems.com\/fr\/","title":{"rendered":"R\u00e9gion Primo"},"content":{"rendered":"<p>[et_pb_section fb_built=&#8221;1&#8243; _builder_version=&#8221;4.9.2&#8243; _module_preset=&#8221;783607ad-fbcf-41b6-925a-c7f30d417632&#8243; background_image=&#8221;https:\/\/primo.minibarsystems.com\/wp-content\/uploads\/2022\/02\/primo-bgr-01-2.jpg&#8221; locked=&#8221;off&#8221;][et_pb_row _builder_version=&#8221;4.4.7&#8243;][et_pb_column type=&#8221;4_4&#8243; _builder_version=&#8221;4.4.7&#8243;][et_pb_text _builder_version=&#8221;4.9.2&#8243; header_2_text_align=&#8221;center&#8221; header_2_text_color=&#8221;#ffffff&#8221; header_2_font_size=&#8221;36px&#8221; custom_margin=&#8221;||19px|||&#8221; header_2_font_size_tablet=&#8221;32px&#8221; header_2_font_size_phone=&#8221;30px&#8221; header_2_font_size_last_edited=&#8221;on|tablet&#8221;]<\/p>\n<h2>PRIMO MINIBARS &#8211; VEUILLEZ S\u00c9LECTIONNER VOTRE R\u00c9GION<\/h2>\n<p>[\/et_pb_text][\/et_pb_column][\/et_pb_row][\/et_pb_section][et_pb_section fb_built=&#8221;1&#8243; custom_padding_last_edited=&#8221;on|phone&#8221; _builder_version=&#8221;4.9.2&#8243; background_image=&#8221;https:\/\/primo.minibarsystems.com\/wp-content\/uploads\/2022\/02\/primo-bgr-03.jpg&#8221; background_position=&#8221;top_center&#8221; custom_padding=&#8221;60px||40px||false|false&#8221; custom_padding_tablet=&#8221;&#8221; custom_padding_phone=&#8221;0px||50px||false|false&#8221;][et_pb_row _builder_version=&#8221;4.9.2&#8243; _module_preset=&#8221;default&#8221; custom_margin=&#8221;||||false|false&#8221; custom_padding=&#8221;30px||0px||false|false&#8221;][et_pb_column type=&#8221;4_4&#8243; _builder_version=&#8221;4.6.1&#8243; _module_preset=&#8221;default&#8221;][et_pb_text module_class=&#8221;no-word-break-mobile&#8221; _builder_version=&#8221;4.9.2&#8243; header_font=&#8221;|700|||||||&#8221; header_text_align=&#8221;center&#8221; header_text_color=&#8221;#00396e&#8221; header_font_size=&#8221;55px&#8221; header_letter_spacing=&#8221;2px&#8221; header_2_text_align=&#8221;center&#8221; header_2_text_color=&#8221;#ffffff&#8221; header_2_font_size=&#8221;38px&#8221; custom_margin=&#8221;||0px||false|false&#8221; custom_margin_last_edited=&#8221;off|tablet&#8221; custom_padding=&#8221;||0px||false|false&#8221; custom_padding_tablet=&#8221;50px||||false|false&#8221; custom_padding_phone=&#8221;|0px|20px|0px|false|false&#8221; custom_padding_last_edited=&#8221;off|desktop&#8221; header_text_align_tablet=&#8221;center&#8221; header_text_align_phone=&#8221;center&#8221; header_text_align_last_edited=&#8221;on|tablet&#8221; header_font_size_tablet=&#8221;60px&#8221; header_font_size_phone=&#8221;44px&#8221; header_font_size_last_edited=&#8221;on|phone&#8221; header_2_text_align_tablet=&#8221;center&#8221; header_2_text_align_phone=&#8221;center&#8221; header_2_text_align_last_edited=&#8221;on|phone&#8221; header_2_font_size_tablet=&#8221;35px&#8221; header_2_font_size_phone=&#8221;28px&#8221; header_2_font_size_last_edited=&#8221;on|phone&#8221; header_text_shadow_style=&#8221;preset1&#8243; header_text_shadow_color=&#8221;rgba(0,0,0,0.25)&#8221;]<\/p>\n<h1>S\u00e9lectionnez votre r\u00e9gion<\/h1>\n<p>[\/et_pb_text][et_pb_text module_class=&#8221;no-word-break-mobile&#8221; _builder_version=&#8221;4.9.2&#8243; text_font=&#8221;||||||||&#8221; header_font=&#8221;|700|||||||&#8221; header_font_size=&#8221;55px&#8221; header_2_font=&#8221;|600|||||||&#8221; header_2_text_color=&#8221;#00396e&#8221; header_2_font_size=&#8221;38px&#8221; text_orientation=&#8221;center&#8221; custom_margin_tablet=&#8221;0px||||false|false&#8221; custom_margin_last_edited=&#8221;off|desktop&#8221; custom_padding_tablet=&#8221;0px||||false|false&#8221; custom_padding_phone=&#8221;|0px|20px|0px|false|false&#8221; custom_padding_last_edited=&#8221;off|desktop&#8221; header_text_align_tablet=&#8221;center&#8221; header_text_align_phone=&#8221;center&#8221; header_text_align_last_edited=&#8221;on|phone&#8221; header_font_size_tablet=&#8221;40px&#8221; header_font_size_phone=&#8221;28px&#8221; header_font_size_last_edited=&#8221;on|tablet&#8221; header_2_text_align_tablet=&#8221;center&#8221; header_2_text_align_phone=&#8221;center&#8221; header_2_text_align_last_edited=&#8221;on|phone&#8221; header_2_font_size_tablet=&#8221;35px&#8221; header_2_font_size_phone=&#8221;28px&#8221; header_2_font_size_last_edited=&#8221;on|phone&#8221; header_text_shadow_style=&#8221;preset1&#8243; header_text_shadow_color=&#8221;rgba(0,0,0,0.25)&#8221;]<\/p>\n<h2>Pour une exp\u00e9rience sur mesure<\/h2>\n<p>[\/et_pb_text][\/et_pb_column][\/et_pb_row][et_pb_row column_structure=&#8221;1_4,1_4,1_4,1_4&#8243; use_custom_gutter=&#8221;on&#8221; gutter_width=&#8221;2&#8243; make_equal=&#8221;on&#8221; _builder_version=&#8221;4.9.2&#8243; _module_preset=&#8221;default&#8221; custom_padding=&#8221;25px|25px|25px|25px|false|false&#8221;][et_pb_column type=&#8221;1_4&#8243; _builder_version=&#8221;4.9.2&#8243; _module_preset=&#8221;b66a162a-221e-4048-8062-94504d914c5f&#8221;][et_pb_image src=&#8221;https:\/\/primo.minibarsystems.com\/wp-content\/uploads\/2022\/02\/Inside_Bar.jpg&#8221; title_text=&#8221;Barre_int\u00e9rieure&#8221; _builder_version=&#8221;4.9.2&#8243; _module_preset=&#8221;default&#8221;][\/et_pb_image][et_pb_button button_url=&#8221;https:\/\/primo.minibarsystems.com\/?page_id=1789&amp;preview=true&#8221; button_text=&#8221;PRIMO US&#8221; _builder_version=&#8221;4.9.2&#8243; _module_preset=&#8221;default&#8221; button_text_size=&#8221;25px&#8221; custom_margin=&#8221;0px||0px||false|false&#8221; box_shadow_style=&#8221;preset1&#8243; locked=&#8221;off&#8221; button_bg_color__hover_enabled=&#8221;on|hover&#8221;][\/et_pb_button][\/et_pb_column][et_pb_column type=&#8221;1_4&#8243; _builder_version=&#8221;4.9.2&#8243; _module_preset=&#8221;b66a162a-221e-4048-8062-94504d914c5f&#8221;][et_pb_image src=&#8221;https:\/\/primo.minibarsystems.com\/wp-content\/uploads\/2022\/02\/Inside_Bar2.jpg&#8221; title_text=&#8221;Barre_int\u00e9rieure2&#8243; _builder_version=&#8221;4.9.2&#8243; _module_preset=&#8221;default&#8221;][\/et_pb_image][et_pb_button button_url=&#8221;https:\/\/primo.minibarsystems.com\/?page_id=1714&amp;preview=true&#8221; button_text=&#8221;PRIMO EU&#8221; _builder_version=&#8221;4.9.2&#8243; _module_preset=&#8221;default&#8221; button_text_size=&#8221;25px&#8221; custom_margin=&#8221;0px||0px||false|false&#8221; box_shadow_style=&#8221;preset1&#8243; locked=&#8221;off&#8221; button_bg_color__hover_enabled=&#8221;on|desktop&#8221;][\/et_pb_button][\/et_pb_column][et_pb_column type=&#8221;1_4&#8243; _builder_version=&#8221;4.9.2&#8243; _module_preset=&#8221;b66a162a-221e-4048-8062-94504d914c5f&#8221;][et_pb_image src=&#8221;https:\/\/primo.minibarsystems.com\/wp-content\/uploads\/2022\/02\/Inside_Bar3.jpg&#8221; title_text=&#8221;Barre_int\u00e9rieure3&#8243; _builder_version=&#8221;4.9.2&#8243; _module_preset=&#8221;default&#8221;][\/et_pb_image][et_pb_button button_url=&#8221;https:\/\/primo.minibarsystems.com\/?page_id=1795&amp;preview=true&#8221; button_text=&#8221;PRIMO UK&#8221; _builder_version=&#8221;4.9.2&#8243; _module_preset=&#8221;default&#8221; button_text_size=&#8221;25px&#8221; custom_margin=&#8221;0px||0px||false|false&#8221; box_shadow_style=&#8221;preset1&#8243; locked=&#8221;off&#8221; button_bg_color__hover_enabled=&#8221;on|desktop&#8221;][\/et_pb_button][\/et_pb_column][et_pb_column type=&#8221;1_4&#8243; _builder_version=&#8221;4.9.2&#8243; _module_preset=&#8221;b66a162a-221e-4048-8062-94504d914c5f&#8221;][et_pb_image src=&#8221;https:\/\/primo.minibarsystems.com\/wp-content\/uploads\/2022\/02\/Inside_Bar4.jpg&#8221; title_text=&#8221;Int\u00e9rieur_Bar4&#8243; _builder_version=&#8221;4.9.2&#8243; _module_preset=&#8221;default&#8221;][\/et_pb_image][et_pb_button button_url=&#8221;https:\/\/primo.minibarsystems.com\/?page_id=1800&amp;preview=true&#8221; button_text=&#8221;PRIMO ASIA&#8221; _builder_version=&#8221;4.9.2&#8243; _module_preset=&#8221;default&#8221; button_text_size=&#8221;25px&#8221; custom_margin=&#8221;0px||0px||false|false&#8221; box_shadow_style=&#8221;preset1&#8243; locked=&#8221;off&#8221; button_bg_color__hover_enabled=&#8221;on|desktop&#8221;][\/et_pb_button][\/et_pb_column][\/et_pb_row][\/et_pb_section][et_pb_section fb_built=&#8221;1&#8243; _builder_version=&#8221;4.9.2&#8243; background_color=&#8221;#00396E&#8221; min_height=&#8221;11px&#8221; custom_padding=&#8221;50px||50px||false|false&#8221; box_shadow_style=&#8221;preset6&#8243;][\/et_pb_section]<\/p>\n","protected":false},"excerpt":{"rendered":"<p>PRIMO MINIBARS &#8211; VEUILLEZ S\u00c9LECTIONNER VOTRE R\u00c9GIONS\u00e9lectionnez votre r\u00e9gionPour une exp\u00e9rience sur mesure<\/p>\n","protected":false},"author":5,"featured_media":0,"parent":0,"menu_order":0,"comment_status":"closed","ping_status":"closed","template":"","meta":{"_et_pb_use_builder":"on","_et_pb_old_content":"","_et_gb_content_width":"","footnotes":""},"class_list":["post-2403","page","type-page","status-publish","hentry"],"_links":{"self":[{"href":"https:\/\/primo.minibarsystems.com\/fr\/wp-json\/wp\/v2\/pages\/2403","targetHints":{"allow":["GET"]}}],"collection":[{"href":"https:\/\/primo.minibarsystems.com\/fr\/wp-json\/wp\/v2\/pages"}],"about":[{"href":"https:\/\/primo.minibarsystems.com\/fr\/wp-json\/wp\/v2\/types\/page"}],"author":[{"embeddable":true,"href":"https:\/\/primo.minibarsystems.com\/fr\/wp-json\/wp\/v2\/users\/5"}],"replies":[{"embeddable":true,"href":"https:\/\/primo.minibarsystems.com\/fr\/wp-json\/wp\/v2\/comments?post=2403"}],"version-history":[{"count":2,"href":"https:\/\/primo.minibarsystems.com\/fr\/wp-json\/wp\/v2\/pages\/2403\/revisions"}],"predecessor-version":[{"id":2405,"href":"https:\/\/primo.minibarsystems.com\/fr\/wp-json\/wp\/v2\/pages\/2403\/revisions\/2405"}],"wp:attachment":[{"href":"https:\/\/primo.minibarsystems.com\/fr\/wp-json\/wp\/v2\/media?parent=2403"}],"curies":[{"name":"wp","href":"https:\/\/api.w.org\/{rel}","templated":true}]}}