{"id":1486,"date":"2021-04-20T05:03:59","date_gmt":"2021-04-20T05:03:59","guid":{"rendered":"http:\/\/www.minibarsystems.com\/primo.minibarsystems.com\/contactenos\/"},"modified":"2023-03-02T15:39:51","modified_gmt":"2023-03-02T15:39:51","slug":"contactenos","status":"publish","type":"page","link":"https:\/\/primo.minibarsystems.com\/es\/contactenos\/","title":{"rendered":"Cont\u00e1ctenos"},"content":{"rendered":"<p>[et_pb_section fb_built=&#8221;1&#8243; custom_padding_last_edited=&#8221;on|tablet&#8221; _builder_version=&#8221;4.9.2&#8243; background_image=&#8221;http:\/\/www.minibarsystems.com\/primo.minibarsystems.com\/wp-content\/uploads\/2021\/04\/primo-bgr-02.jpg&#8221; background_position=&#8221;top_center&#8221; custom_padding=&#8221;120px||120px|||&#8221; custom_padding_tablet=&#8221;50px||125px||false|false&#8221; custom_padding_phone=&#8221;50px||100px||false|false&#8221;][et_pb_row column_structure=&#8221;1_2,1_2&#8243; use_custom_gutter=&#8221;on&#8221; gutter_width=&#8221;1&#8243; _builder_version=&#8221;4.4.7&#8243; width_tablet=&#8221;&#8221; width_phone=&#8221;98%&#8221; width_last_edited=&#8221;on|phone&#8221; max_width_tablet=&#8221;&#8221; max_width_phone=&#8221;&#8221; max_width_last_edited=&#8221;on|phone&#8221;][et_pb_column type=&#8221;1_2&#8243; _builder_version=&#8221;4.4.7&#8243;][\/et_pb_column][et_pb_column type=&#8221;1_2&#8243; _builder_version=&#8221;4.4.7&#8243;][et_pb_image src=&#8221;http:\/\/www.minibarsystems.com\/primo.minibarsystems.com\/wp-content\/uploads\/2020\/09\/minibar-logo-03.png&#8221; title_text=&#8221;minibar-logo-03&#8243; align=&#8221;center&#8221; _builder_version=&#8221;4.9.2&#8243; max_width=&#8221;350px&#8221; custom_padding=&#8221;||20px||false|false&#8221;][\/et_pb_image][et_pb_text _builder_version=&#8221;4.9.2&#8243; text_text_color=&#8221;#003f64&#8243; header_font=&#8221;|600|||||||&#8221; header_text_align=&#8221;center&#8221; header_text_color=&#8221;#003f64&#8243; header_font_size=&#8221;26px&#8221; header_2_font=&#8221;|600|||||||&#8221; header_2_text_align=&#8221;center&#8221; header_2_text_color=&#8221;#003f64&#8243; header_2_font_size=&#8221;22px&#8221; custom_padding_tablet=&#8221;|0px||0px|false|false&#8221; custom_padding_phone=&#8221;|0px||0px|false|false&#8221; custom_padding_last_edited=&#8221;on|tablet&#8221; header_2_font_size_tablet=&#8221;&#8221; header_2_font_size_phone=&#8221;18px&#8221; header_2_font_size_last_edited=&#8221;on|phone&#8221; header_line_height__hover_enabled=&#8221;on|desktop&#8221;]<\/p>\n<h1>Para obtener m\u00e1s informaci\u00f3n, cont\u00e1ctenos en<\/h1>\n<h2><a href=\"mailto:info@minibarsystems.com\" target=\"_blank\" rel=\"noopener noreferrer\">Info@MinibarSystems.com<\/a><\/h2>\n<h2>301-354-5055<\/h2>\n<p>[\/et_pb_text][\/et_pb_column][\/et_pb_row][\/et_pb_section]<\/p>\n","protected":false},"excerpt":{"rendered":"<p>Para obtener m\u00e1s informaci\u00f3n, cont\u00e1ctenos en Info@MinibarSystems.com 301-354-5055<\/p>\n","protected":false},"author":5,"featured_media":0,"parent":0,"menu_order":0,"comment_status":"closed","ping_status":"closed","template":"","meta":{"_et_pb_use_builder":"on","_et_pb_old_content":"","_et_gb_content_width":"","footnotes":""},"class_list":["post-1486","page","type-page","status-publish","hentry"],"_links":{"self":[{"href":"https:\/\/primo.minibarsystems.com\/es\/wp-json\/wp\/v2\/pages\/1486","targetHints":{"allow":["GET"]}}],"collection":[{"href":"https:\/\/primo.minibarsystems.com\/es\/wp-json\/wp\/v2\/pages"}],"about":[{"href":"https:\/\/primo.minibarsystems.com\/es\/wp-json\/wp\/v2\/types\/page"}],"author":[{"embeddable":true,"href":"https:\/\/primo.minibarsystems.com\/es\/wp-json\/wp\/v2\/users\/5"}],"replies":[{"embeddable":true,"href":"https:\/\/primo.minibarsystems.com\/es\/wp-json\/wp\/v2\/comments?post=1486"}],"version-history":[{"count":7,"href":"https:\/\/primo.minibarsystems.com\/es\/wp-json\/wp\/v2\/pages\/1486\/revisions"}],"predecessor-version":[{"id":2489,"href":"https:\/\/primo.minibarsystems.com\/es\/wp-json\/wp\/v2\/pages\/1486\/revisions\/2489"}],"wp:attachment":[{"href":"https:\/\/primo.minibarsystems.com\/es\/wp-json\/wp\/v2\/media?parent=1486"}],"curies":[{"name":"wp","href":"https:\/\/api.w.org\/{rel}","templated":true}]}}