{"id":2450,"date":"2023-03-02T15:37:04","date_gmt":"2023-03-02T15:37:04","guid":{"rendered":"https:\/\/primo.minibarsystems.com\/mcs\/"},"modified":"2023-03-02T15:37:05","modified_gmt":"2023-03-02T15:37:05","slug":"mcs","status":"publish","type":"page","link":"https:\/\/primo.minibarsystems.com\/de\/mcs\/","title":{"rendered":"MCS"},"content":{"rendered":"<p>[et_pb_section fb_built=&#8221;1&#8243; _builder_version=&#8221;4.9.2&#8243; _module_preset=&#8221;783607ad-fbcf-41b6-925a-c7f30d417632&#8243; parallax=&#8221;on&#8221;][et_pb_row _builder_version=&#8221;4.4.7&#8243;][et_pb_column type=&#8221;4_4&#8243; _builder_version=&#8221;4.4.7&#8243;][et_pb_text _builder_version=&#8221;4.9.2&#8243; header_2_text_align=&#8221;center&#8221; header_2_text_color=&#8221;#ffffff&#8221; header_2_font_size=&#8221;36px&#8221; custom_margin=&#8221;||19px|||&#8221; header_2_font_size_tablet=&#8221;32px&#8221; header_2_font_size_phone=&#8221;30px&#8221; header_2_font_size_last_edited=&#8221;on|tablet&#8221;]<\/p>\n<h2>PRIMO &#8211; MCS<\/h2>\n<p>[\/et_pb_text][\/et_pb_column][\/et_pb_row][\/et_pb_section][et_pb_section fb_built=&#8221;1&#8243; _builder_version=&#8221;4.9.2&#8243; background_color=&#8221;#ffffff&#8221; use_background_color_gradient=&#8221;on&#8221; background_color_gradient_start=&#8221;rgba(255,255,255,0.8)&#8221; background_color_gradient_end=&#8221;rgba(255,255,255,0.8)&#8221; background_color_gradient_overlays_image=&#8221;on&#8221; background_image=&#8221;https:\/\/primo.minibarsystems.com\/wp-content\/uploads\/2021\/11\/primo-bgr-03.jpg&#8221; min_height=&#8221;691px&#8221; custom_padding=&#8221;75px||60px||false|false&#8221; custom_css_main_element=&#8221;background-repeat: no-repeat;||background-attachment: fixed;||background-position: center right;||background-size: initial;&#8221;][et_pb_row use_custom_gutter=&#8221;on&#8221; gutter_width=&#8221;2&#8243; make_equal=&#8221;on&#8221; _builder_version=&#8221;4.9.2&#8243; use_background_color_gradient=&#8221;on&#8221; background_color_gradient_start=&#8221;rgba(255,255,255,0.85)&#8221; background_color_gradient_end=&#8221;rgba(255,255,255,0.85)&#8221; background_color_gradient_overlays_image=&#8221;on&#8221; background_image=&#8221;http:\/\/www.minibarsystems.com\/primo.minibarsystems.com\/wp-content\/uploads\/2021\/04\/primo-bgr-03.jpg&#8221; background_position=&#8221;top_center&#8221; custom_margin=&#8221;0px||||false|false&#8221; custom_padding=&#8221;50px|25px|50px|25px|false|false&#8221; border_width_all=&#8221;2px&#8221; border_color_all=&#8221;#FFFFFF&#8221; box_shadow_style=&#8221;preset3&#8243;][et_pb_column type=&#8221;4_4&#8243; _builder_version=&#8221;4.9.2&#8243; transform_styles__hover_enabled=&#8221;on|hover&#8221; transform_scale__hover_enabled=&#8221;on|hover&#8221; transform_translate__hover_enabled=&#8221;on|desktop&#8221; transform_rotate__hover_enabled=&#8221;on|desktop&#8221; transform_skew__hover_enabled=&#8221;on|desktop&#8221; transform_origin__hover_enabled=&#8221;on|desktop&#8221; transform_scale__hover=&#8221;98%|98%&#8221; box_shadow_blur__hover_enabled=&#8221;on|hover&#8221; box_shadow_blur__hover=&#8221;10px&#8221; box_shadow_color__hover_enabled=&#8221;on|hover&#8221; box_shadow_color__hover=&#8221;rgba(0,0,0,0.5)&#8221; box_shadow_vertical__hover_enabled=&#8221;on|desktop&#8221; box_shadow_vertical__hover=&#8221;2px&#8221;][et_pb_text _builder_version=&#8221;4.9.2&#8243; header_3_font=&#8221;|600|||||||&#8221; header_3_text_align=&#8221;center&#8221; header_3_font_size=&#8221;28px&#8221; custom_padding=&#8221;|20px|20px|20px|false|false&#8221;]<\/p>\n<h3>Minibar Control System\u2122 (MCS)<\/h3>\n<p>Das Minibar Control System\u2122 (MCS) revolutioniert die Abrechnung und Verwaltung von Minibars, indem es die Effizienz des Auff\u00fcllvorgangs erh\u00f6ht. Die Tankwarte erfassen mit Tablets die Ums\u00e4tze, die dann an das Hotelverwaltungssystem weitergeleitet werden, um sie direkt in die G\u00e4stekartei zu buchen.<\/p>\n<p>[\/et_pb_text][et_pb_image src=&#8221;https:\/\/primo.minibarsystems.com\/wp-content\/uploads\/2022\/02\/MCS-2.png&#8221; title_text=&#8221;MCS-2&#8243; align=&#8221;center&#8221; _builder_version=&#8221;4.9.2&#8243; _module_preset=&#8221;default&#8221;][\/et_pb_image][et_pb_text _builder_version=&#8221;4.9.2&#8243; header_3_font=&#8221;|600|||||||&#8221; header_3_text_align=&#8221;center&#8221; header_3_font_size=&#8221;28px&#8221; custom_padding=&#8221;|20px|20px|20px|false|false&#8221;]<\/p>\n<p>Die fortschrittliche Windows\u00ae-basierte, netzwerkf\u00e4hige Software verbessert nicht nur die Gesamtleistung und Effizienz, sondern vereinfacht auch die Berichterstattung. Detaillierte Berichte geben dem Management die ultimative Kontrolle \u00fcber den Betrieb mit t\u00e4glichen und historischen Informationen, Bestandskontrolle und Verfolgung der Arbeitseffizienz.<\/p>\n<p style=\"text-align: center;\"><strong>**Bestehende MCS-Hotels k\u00f6nnen problemlos auf die neue Tablet-Version umsteigen.<\/strong><\/p>\n<p>[\/et_pb_text][\/et_pb_column][\/et_pb_row][et_pb_row _builder_version=&#8221;4.9.2&#8243; _module_preset=&#8221;default&#8221;][et_pb_column type=&#8221;4_4&#8243; _builder_version=&#8221;4.9.2&#8243; _module_preset=&#8221;default&#8221;][\/et_pb_column][\/et_pb_row][\/et_pb_section][et_pb_section fb_built=&#8221;1&#8243; _builder_version=&#8221;4.9.2&#8243; _module_preset=&#8221;783607ad-fbcf-41b6-925a-c7f30d417632&#8243; parallax=&#8221;on&#8221;][et_pb_row _builder_version=&#8221;4.4.7&#8243;][et_pb_column type=&#8221;4_4&#8243; _builder_version=&#8221;4.4.7&#8243;][et_pb_text _builder_version=&#8221;4.9.2&#8243; header_2_text_align=&#8221;center&#8221; header_2_text_color=&#8221;#ffffff&#8221; header_2_font_size=&#8221;36px&#8221; custom_margin=&#8221;||19px|||&#8221; header_2_font_size_tablet=&#8221;32px&#8221; header_2_font_size_phone=&#8221;30px&#8221; header_2_font_size_last_edited=&#8221;on|tablet&#8221;]<\/p>\n<h2>PRIMO &#8211; EIGENSCHAFTEN<\/h2>\n<p>[\/et_pb_text][\/et_pb_column][\/et_pb_row][\/et_pb_section][et_pb_section fb_built=&#8221;1&#8243; _builder_version=&#8221;4.9.2&#8243; background_color=&#8221;#ffffff&#8221; use_background_color_gradient=&#8221;on&#8221; background_color_gradient_start=&#8221;rgba(255,255,255,0.8)&#8221; background_color_gradient_end=&#8221;rgba(255,255,255,0.8)&#8221; background_color_gradient_overlays_image=&#8221;on&#8221; background_image=&#8221;https:\/\/primo.minibarsystems.com\/wp-content\/uploads\/2021\/11\/primo-bgr-03.jpg&#8221; min_height=&#8221;691px&#8221; custom_padding=&#8221;75px||60px||false|false&#8221; custom_css_main_element=&#8221;background-repeat: no-repeat;||background-attachment: fixed;||background-position: center right;||background-size: initial;&#8221;][et_pb_row column_structure=&#8221;1_2,1_2&#8243; use_custom_gutter=&#8221;on&#8221; gutter_width=&#8221;2&#8243; make_equal=&#8221;on&#8221; _builder_version=&#8221;4.9.2&#8243; custom_margin=&#8221;0px||||false|false&#8221; custom_padding=&#8221;|25px||25px|false|false&#8221; border_radii=&#8221;off|||12px|12px&#8221;][et_pb_column type=&#8221;1_2&#8243; _builder_version=&#8221;4.9.2&#8243; background_enable_color=&#8221;off&#8221; use_background_color_gradient=&#8221;on&#8221; background_color_gradient_start=&#8221;rgba(255,255,255,0.85)&#8221; background_color_gradient_end=&#8221;rgba(255,255,255,0.85)&#8221; background_color_gradient_overlays_image=&#8221;on&#8221; background_image=&#8221;http:\/\/www.minibarsystems.com\/primo.minibarsystems.com\/wp-content\/uploads\/2021\/04\/primo-bgr-03.jpg&#8221; background_position=&#8221;center_left&#8221; custom_padding=&#8221;25px|25px|25px|25px|false|false&#8221; border_width_all=&#8221;1px&#8221; border_color_all=&#8221;#FFFFFF&#8221; box_shadow_style=&#8221;preset3&#8243; box_shadow_spread_last_edited=&#8221;off|desktop&#8221; transform_styles__hover_enabled=&#8221;on|hover&#8221; transform_scale__hover_enabled=&#8221;on|hover&#8221; transform_translate__hover_enabled=&#8221;on|desktop&#8221; transform_rotate__hover_enabled=&#8221;on|desktop&#8221; transform_skew__hover_enabled=&#8221;on|desktop&#8221; transform_origin__hover_enabled=&#8221;on|desktop&#8221; transform_scale__hover=&#8221;98%|98%&#8221; box_shadow_blur__hover_enabled=&#8221;off|desktop&#8221; box_shadow_blur__hover=&#8221;10px&#8221; box_shadow_color__hover_enabled=&#8221;on|hover&#8221; box_shadow_color__hover=&#8221;rgba(0,0,0,0.5)&#8221; box_shadow_vertical__hover_enabled=&#8221;off|desktop&#8221; box_shadow_vertical__hover=&#8221;2px&#8221; box_shadow_spread__hover_enabled=&#8221;off|desktop&#8221;][et_pb_text _builder_version=&#8221;4.9.2&#8243; header_3_font=&#8221;|600|||||||&#8221; header_3_text_align=&#8221;center&#8221; header_3_font_size=&#8221;28px&#8221; custom_padding=&#8221;|20px|20px|20px|false|false&#8221;]<\/p>\n<h3>Standartfunktionen<\/h3>\n<ul>\n<li><span style=\"font-size: 17px;\">Automatisierte Berichterstattung macht Verfahren zum Tages-\/Monats-\/Jahresende \u00fcberfl\u00fcssig<\/span><\/li>\n<li><span style=\"font-size: 17px;\">Tablet-Schnittstelle erm\u00f6glicht schnelle Einarbeitung<\/span><\/li>\n<li><span style=\"font-size: 17px;\">Kabellose Synchronisierung ohne Kabel<\/span><\/li>\n<li><span style=\"font-size: 17px;\">Integrierbar mit den meisten PMS-Systemen<\/span><\/li>\n<li><span style=\"font-size: 17px;\">Die 2-Wege-PMS-Schnittstelle erh\u00f6ht die Effizienz des Systems erheblich<\/span><\/li>\n<li><span style=\"font-size: 17px;\">IP- oder serielle Verbindung mit PMS<\/span><\/li>\n<li><span style=\"font-size: 17px;\">Flexible Men\u00fcoptionen erm\u00f6glichen mehrere Men\u00fcs<\/span><\/li>\n<li><span style=\"font-size: 17px;\">Umfangreiche Berichtsoptionen<\/span><\/li>\n<li><span style=\"font-size: 17px;\">Alle Berichte k\u00f6nnen exportiert werden<\/span><\/li>\n<li><span style=\"font-size: 17px;\">Vollst\u00e4ndig automatisierte Datensicherung<\/span><\/li>\n<li><span style=\"font-size: 17px;\">Einfaches Upgrade von fr\u00fcheren Versionen von MCS<\/span><\/li>\n<li><span style=\"font-size: 17px;\">Hardware und Software k\u00f6nnen bereitgestellt werden oder nur Software (unter Verwendung der Hardware des Hotels)<\/span><\/li>\n<\/ul>\n<p>[\/et_pb_text][\/et_pb_column][et_pb_column type=&#8221;1_2&#8243; module_class=&#8221;fade-out-siblings&#8221; _builder_version=&#8221;4.9.2&#8243; background_enable_color=&#8221;off&#8221; use_background_color_gradient=&#8221;on&#8221; background_color_gradient_start=&#8221;rgba(255,255,255,0.85)&#8221; background_color_gradient_end=&#8221;rgba(255,255,255,0.85)&#8221; background_color_gradient_overlays_image=&#8221;on&#8221; background_image=&#8221;http:\/\/www.minibarsystems.com\/primo.minibarsystems.com\/wp-content\/uploads\/2021\/04\/primo-bgr-03.jpg&#8221; background_position=&#8221;center_right&#8221; custom_padding=&#8221;25px|25px|25px|25px|false|false&#8221; border_width_all=&#8221;1px&#8221; border_color_all=&#8221;#FFFFFF&#8221; box_shadow_style=&#8221;preset3&#8243; transform_styles__hover_enabled=&#8221;on|hover&#8221; box_shadow_blur__hover=&#8221;10px&#8221; box_shadow_blur__hover_enabled=&#8221;on|hover&#8221; box_shadow_color__hover=&#8221;rgba(0,0,0,0.5)&#8221; box_shadow_color__hover_enabled=&#8221;on|hover&#8221; box_shadow_vertical__hover=&#8221;2px&#8221; box_shadow_vertical__hover_enabled=&#8221;on|desktop&#8221; transform_scale__hover=&#8221;98%|98%&#8221; transform_scale__hover_enabled=&#8221;on|hover&#8221; transform_translate__hover_enabled=&#8221;on|desktop&#8221; transform_rotate__hover_enabled=&#8221;on|desktop&#8221; transform_skew__hover_enabled=&#8221;on|desktop&#8221; transform_origin__hover_enabled=&#8221;on|desktop&#8221;][et_pb_text _builder_version=&#8221;4.9.2&#8243; header_3_font=&#8221;|600|||||||&#8221; header_3_text_align=&#8221;center&#8221; header_3_font_size=&#8221;28px&#8221; header_4_font=&#8221;|600|||||||&#8221; header_4_text_align=&#8221;center&#8221; header_4_font_size=&#8221;20px&#8221; custom_padding=&#8221;|20px|20px|20px|false|false&#8221;]<\/p>\n<h3>Funktioniert nahtlos  <br \/>  mit jeder Minibar<\/h3>\n<p>[\/et_pb_text][et_pb_image src=&#8221;https:\/\/primo.minibarsystems.com\/wp-content\/uploads\/2022\/02\/MCS-s.png&#8221; title_text=&#8221;MCS-s&#8221; _builder_version=&#8221;4.9.2&#8243; _module_preset=&#8221;default&#8221;][\/et_pb_image][\/et_pb_column][\/et_pb_row][\/et_pb_section][et_pb_section fb_built=&#8221;1&#8243; _builder_version=&#8221;4.9.2&#8243; background_color=&#8221;#00396E&#8221; min_height=&#8221;11px&#8221; custom_padding=&#8221;50px||50px||false|false&#8221; box_shadow_style=&#8221;preset6&#8243;][et_pb_row column_structure=&#8221;1_2,1_2&#8243; use_custom_gutter=&#8221;on&#8221; gutter_width=&#8221;2&#8243; make_equal=&#8221;on&#8221; _builder_version=&#8221;4.4.7&#8243; min_height=&#8221;60px&#8221; custom_padding=&#8221;3px||14px|||&#8221; scroll_scaling_enable=&#8221;on&#8221; scroll_scaling=&#8221;0|25|25|50|70|80%|100&#8243;][et_pb_column type=&#8221;1_2&#8243; module_class=&#8221;ds-vertical-align&#8221; _builder_version=&#8221;4.4.7&#8243;][\/et_pb_column][et_pb_column type=&#8221;1_2&#8243; module_class=&#8221;ds-vertical-align&#8221; _builder_version=&#8221;4.4.7&#8243;][\/et_pb_column][\/et_pb_row][\/et_pb_section]<\/p>\n","protected":false},"excerpt":{"rendered":"<p>PRIMO &#8211; MCSMinibar Control System\u2122 (MCS) Das Minibar Control System\u2122 (MCS) revolutioniert die Abrechnung und Verwaltung von Minibars, indem es die Effizienz des Auff\u00fcllvorgangs erh\u00f6ht. Die Tankwarte erfassen mit Tablets die Ums\u00e4tze, die dann an das Hotelverwaltungssystem weitergeleitet werden, um sie direkt in die G\u00e4stekartei zu buchen.Die fortschrittliche Windows\u00ae-basierte, netzwerkf\u00e4hige Software verbessert nicht nur die [&hellip;]<\/p>\n","protected":false},"author":5,"featured_media":0,"parent":0,"menu_order":0,"comment_status":"closed","ping_status":"closed","template":"","meta":{"_et_pb_use_builder":"on","_et_pb_old_content":"","_et_gb_content_width":"","footnotes":""},"class_list":["post-2450","page","type-page","status-publish","hentry"],"_links":{"self":[{"href":"https:\/\/primo.minibarsystems.com\/de\/wp-json\/wp\/v2\/pages\/2450","targetHints":{"allow":["GET"]}}],"collection":[{"href":"https:\/\/primo.minibarsystems.com\/de\/wp-json\/wp\/v2\/pages"}],"about":[{"href":"https:\/\/primo.minibarsystems.com\/de\/wp-json\/wp\/v2\/types\/page"}],"author":[{"embeddable":true,"href":"https:\/\/primo.minibarsystems.com\/de\/wp-json\/wp\/v2\/users\/5"}],"replies":[{"embeddable":true,"href":"https:\/\/primo.minibarsystems.com\/de\/wp-json\/wp\/v2\/comments?post=2450"}],"version-history":[{"count":2,"href":"https:\/\/primo.minibarsystems.com\/de\/wp-json\/wp\/v2\/pages\/2450\/revisions"}],"predecessor-version":[{"id":2452,"href":"https:\/\/primo.minibarsystems.com\/de\/wp-json\/wp\/v2\/pages\/2450\/revisions\/2452"}],"wp:attachment":[{"href":"https:\/\/primo.minibarsystems.com\/de\/wp-json\/wp\/v2\/media?parent=2450"}],"curies":[{"name":"wp","href":"https:\/\/api.w.org\/{rel}","templated":true}]}}